{"id":219,"date":"2025-09-29T10:00:39","date_gmt":"2025-09-29T10:00:39","guid":{"rendered":"https:\/\/www.loginam.com\/contacto\/"},"modified":"2026-04-24T14:25:14","modified_gmt":"2026-04-24T14:25:14","slug":"contact","status":"publish","type":"page","link":"https:\/\/www.loginam.com\/es\/contact\/","title":{"rendered":"Contacto"},"content":{"rendered":"<section class=\"l-section wpb_row height_large color_primary with_img\"><div class=\"l-section-img\" role=\"img\" aria-label=\"3PL Logistics Services &amp; Solutions | Loginam\" data-img-width=\"1440\" data-img-height=\"810\" style=\"background-image: url(https:\/\/www.loginam.com\/wp-content\/uploads\/2025\/09\/3pl-solutions.webp);\"><\/div><div class=\"l-section-overlay\" style=\"background:rgba(39,39,39,0.85)\"><\/div><div class=\"l-section-h i-cf\"><div class=\"g-cols vc_row via_grid cols_1 laptops-cols_inherit tablets-cols_inherit mobiles-cols_1 valign_top type_default stacking_default\"><div class=\"wpb_column vc_column_container\"><div class=\"vc_column-inner\"><div class=\"wpb_text_column us_custom_60e9caca us_animate_this\"><div class=\"wpb_wrapper\"><h1 style=\"text-align: center;\">Ponte en Contacto con Nosotros<\/h1>\n<\/div><\/div><\/div><\/div><\/div><\/div><\/section><section class=\"l-section wpb_row height_large\"><div class=\"l-section-h i-cf\"><div class=\"g-cols vc_row via_grid cols_2 laptops-cols_inherit tablets-cols_inherit mobiles-cols_1 valign_top type_default reversed stacking_default\"><div class=\"wpb_column vc_column_container\"><div class=\"vc_column-inner\"><div class=\"w-separator hide_on_default hide_on_laptops size_medium\"><\/div><div class=\"wpb_text_column us_custom_60e9caca us_animate_this\"><div class=\"wpb_wrapper\"><h2>Informaci\u00f3n de Contacto<\/h2>\n<\/div><\/div><div class=\"w-separator size_small\"><\/div><div class=\"w-iconbox us_custom_60e9caca us_animate_this iconpos_left style_default color_primary align_left no_text\"><a href=\"mailto:sales@loginam.com\" class=\"w-iconbox-link\" aria-label=\"sales@loginam.com\"><div class=\"w-iconbox-icon\" style=\"font-size:20px;\"><i class=\"fal fa-envelope\"><\/i><\/div><\/a><div class=\"w-iconbox-meta\"><div class=\"w-iconbox-title\"><a href=\"mailto:sales@loginam.com\" class=\"w-iconbox-link\" aria-label=\"sales@loginam.com\">sales@loginam.com<\/a><\/div><\/div><\/div><div class=\"w-separator size_small\"><\/div><div class=\"w-iconbox us_custom_60e9caca us_animate_this iconpos_left style_default color_primary align_left no_text\"><a href=\"tel:+18557641309\" class=\"w-iconbox-link\" aria-label=\"+1 855 764 1309\"><div class=\"w-iconbox-icon\" style=\"font-size:20px;\"><i class=\"fal fa-phone\"><\/i><\/div><\/a><div class=\"w-iconbox-meta\"><div class=\"w-iconbox-title\"><a href=\"tel:+18557641309\" class=\"w-iconbox-link\" aria-label=\"+1 855 764 1309\">+1 855 764 1309<\/a><\/div><\/div><\/div><div class=\"w-separator size_small\"><\/div><div class=\"w-iconbox us_custom_60e9caca us_animate_this iconpos_left style_default color_primary align_left no_text\"><div class=\"w-iconbox-icon\" style=\"font-size:20px;\"><i class=\"fal fa-map-marker-alt\"><\/i><\/div><div class=\"w-iconbox-meta\"><div class=\"w-iconbox-title\">C. Laguna de San Ignacio 4930, El Lago, 22210 Tijuana, B.C., M\u00e9xico<\/div><\/div><\/div><div class=\"w-separator size_small\"><\/div><div class=\"w-iconbox us_custom_60e9caca us_animate_this iconpos_left style_default color_primary align_left no_text\"><div class=\"w-iconbox-icon\" style=\"font-size:20px;\"><i class=\"fal fa-map-marker-alt\"><\/i><\/div><div class=\"w-iconbox-meta\"><div class=\"w-iconbox-title\">1586 Lancaster Point Way, San Diego, 92154 CA, EE. UU.<\/div><\/div><\/div><div class=\"w-separator size_small\"><\/div><div class=\"w-map provider_google us_custom_60e9caca us_animate_this\" id=\"us_map_1\"><div class=\"w-map-inner\"><div class=\"w-map-json\" onclick='return {&quot;address&quot;:&quot;32.5015716,-116.9303334&quot;,&quot;disableDragging&quot;:0,&quot;disableZoom&quot;:0,&quot;hideControls&quot;:0,&quot;zoom&quot;:14,&quot;markers&quot;:[{&quot;address&quot;:&quot;32.5015716,-116.9303334&quot;,&quot;html&quot;:&quot;&quot;,&quot;infowindow&quot;:0}],&quot;maptype&quot;:&quot;ROADMAP&quot;}'><\/div><\/div><\/div><\/div><\/div><div class=\"wpb_column vc_column_container\"><div class=\"vc_column-inner\"><div class=\"wpb_text_column us_custom_60e9caca us_animate_this\"><div class=\"wpb_wrapper\"><h2>Comience Con Loginam<\/h2>\n<p>Descubra hoy c\u00f3mo podemos impulsar su productividad poni\u00e9ndose en contacto con uno de nuestros representantes.<\/p>\n<\/div><\/div><div class=\"w-separator size_small\"><\/div><form class=\"w-form  us-field-style_2 us_custom_60e9caca us_animate_this layout_ver show_message_after_sending for_cform us_form_1\" action=\"https:\/\/www.loginam.com\/es\/wp-json\/wp\/v2\/pages\/219\" method=\"post\"><div class=\"w-form-h\"><div class=\"w-form-row for_text required with_icon\">\r\n\t\t<div class=\"w-form-row-field\">\r\n\t\t\t\t<i class=\"fal fa-user\"><\/i>\t\t<input aria-label=\"Nombre\" type=\"text\" name=\"us_form_1_text_1\" value placeholder=\"Nombre *\" data-required=\"true\" aria-required=\"true\"\/>\r\n\t\t\t<\/div>\r\n\t\t<div class=\"w-form-row-state\">Rellena este campo<\/div>\r\n<\/div>\r\n<div class=\"w-form-row for_text required with_icon\">\r\n\t\t<div class=\"w-form-row-field\">\r\n\t\t\t\t<i class=\"fal fa-envelope\"><\/i>\t\t<input aria-label=\"Correo\" type=\"text\" name=\"us_form_1_text_2\" value placeholder=\"Correo *\" data-required=\"true\" aria-required=\"true\"\/>\r\n\t\t\t<\/div>\r\n\t\t<div class=\"w-form-row-state\">Rellena este campo<\/div>\r\n<\/div>\r\n<div class=\"w-form-row for_text with_icon\">\r\n\t\t<div class=\"w-form-row-field\">\r\n\t\t\t\t<i class=\"fal fa-phone\"><\/i>\t\t<input aria-label=\"Tel\u00e9fono\" inputmode=\"tel\" type=\"text\" name=\"us_form_1_text_3\" value placeholder=\"Tel\u00e9fono\"\/>\r\n\t\t\t<\/div>\r\n\t\t<div class=\"w-form-row-state\">Rellena este campo<\/div>\r\n<\/div>\r\n<div class=\"w-form-row for_text with_icon\">\r\n\t\t<div class=\"w-form-row-field\">\r\n\t\t\t\t<i class=\"fal fa-building\"><\/i>\t\t<input aria-label=\"Empresa\" type=\"text\" name=\"us_form_1_text_4\" value placeholder=\"Empresa\"\/>\r\n\t\t\t<\/div>\r\n\t\t<div class=\"w-form-row-state\">Rellena este campo<\/div>\r\n<\/div>\r\n<div class=\"w-form-row for_textarea with_icon\">\r\n\t\t<div class=\"w-form-row-field\">\r\n\t\t\t\t<i class=\"fal fa-pencil\"><\/i>\t\t<textarea aria-label=\"Mensaje\" name=\"us_form_1_textarea_1\" placeholder=\"Mensaje\"><\/textarea>\r\n\t\t\t<\/div>\r\n\t\t<div class=\"w-form-row-state\">Rellena este campo<\/div>\r\n<\/div>\r\n<input type=\"hidden\" name=\"action\" value=\"us_ajax_cform\" \/>\r\n<input type=\"hidden\" name=\"post_id\" value=\"0\" \/>\r\n<input type=\"hidden\" name=\"form_index\" value=\"1\" \/>\r\n<div class=\"w-form-row for_submit align_none\"><button class=\"w-btn us-btn-style_1\" type=\"submit\" aria-label=\"Enviar Mensaje\"><span class=\"g-preloader type_1\"><\/span><span class=\"w-btn-label\">Enviar Mensaje<\/span><\/button><\/div><\/div><div class=\"w-form-message\"><\/div><div class=\"w-form-json hidden\" onclick='return {&quot;ajaxurl&quot;:&quot;https:\\\/\\\/www.loginam.com\\\/wp-admin\\\/admin-ajax.php&quot;,&quot;messages&quot;:{&quot;err_empty&quot;:&quot;Rellena este campo&quot;,&quot;err_size&quot;:&quot;El tama\\u00f1o del archivo no puede exceder %s MB&quot;,&quot;err_extension&quot;:&quot;El tipo de archivo %s no est\\u00e1 permitido&quot;,&quot;err_recaptcha_keys&quot;:&quot;Las claves de reCAPTCHA son incorrectas&quot;}}'><\/div><\/form><\/div><\/div><\/div><\/div><\/section>\n","protected":false},"excerpt":{"rendered":"Ponte en Contacto con Nosotros Informaci\u00f3n de Contacto sales@loginam.com+1 855 764 1309C. Laguna de San Ignacio 4930, El Lago, 22210 Tijuana, B.C., M\u00e9xico1586 Lancaster Point Way, San Diego, 92154 CA, EE. UU.Comience Con Loginam Descubra hoy c\u00f3mo podemos impulsar su productividad poni\u00e9ndose en contacto con uno de nuestros representantes. Rellena este campo Rellena este campo...","protected":false},"author":2,"featured_media":220,"parent":0,"menu_order":0,"comment_status":"closed","ping_status":"closed","template":"","meta":{"footnotes":""},"class_list":["post-219","page","type-page","status-publish","has-post-thumbnail","hentry"],"yoast_head":"<!-- This site is optimized with the Yoast SEO plugin v27.4 - https:\/\/yoast.com\/product\/yoast-seo-wordpress\/ -->\n<title>Contacto Loginam | Proveedor 3PL Confiable<\/title>\n<meta name=\"description\" content=\"\u00bfTiene preguntas sobre los servicios 3PL de Loginam? P\u00f3ngase en contacto con nuestro equipo y descubra c\u00f3mo podemos impulsar su productividad. \u00a1Cont\u00e1ctenos hoy y hablemos!\" \/>\n<meta name=\"robots\" content=\"index, follow, max-snippet:-1, max-image-preview:large, max-video-preview:-1\" \/>\n<link rel=\"canonical\" href=\"https:\/\/www.loginam.com\/es\/contact\/\" \/>\n<meta property=\"og:locale\" content=\"es_ES\" \/>\n<meta property=\"og:type\" content=\"article\" \/>\n<meta property=\"og:title\" content=\"Contacto Loginam | Proveedor 3PL Confiable\" \/>\n<meta property=\"og:description\" content=\"\u00bfTiene preguntas sobre los servicios 3PL de Loginam? P\u00f3ngase en contacto con nuestro equipo y descubra c\u00f3mo podemos impulsar su productividad. \u00a1Cont\u00e1ctenos hoy y hablemos!\" \/>\n<meta property=\"og:url\" content=\"https:\/\/www.loginam.com\/es\/contact\/\" \/>\n<meta property=\"og:site_name\" content=\"Loginam\" \/>\n<meta property=\"article:modified_time\" content=\"2026-04-24T14:25:14+00:00\" \/>\n<meta property=\"og:image\" content=\"https:\/\/www.loginam.com\/wp-content\/uploads\/2025\/09\/3pl-solutions.webp\" \/>\n\t<meta property=\"og:image:width\" content=\"1440\" \/>\n\t<meta property=\"og:image:height\" content=\"810\" \/>\n\t<meta property=\"og:image:type\" content=\"image\/webp\" \/>\n<meta name=\"twitter:card\" content=\"summary_large_image\" \/>\n<meta name=\"twitter:label1\" content=\"Tiempo de lectura\" \/>\n\t<meta name=\"twitter:data1\" content=\"1 minuto\" \/>\n<script type=\"application\/ld+json\" class=\"yoast-schema-graph\">{\"@context\":\"https:\\\/\\\/schema.org\",\"@graph\":[{\"@type\":\"WebPage\",\"@id\":\"https:\\\/\\\/www.loginam.com\\\/es\\\/contact\\\/\",\"url\":\"https:\\\/\\\/www.loginam.com\\\/es\\\/contact\\\/\",\"name\":\"Contacto Loginam | Proveedor 3PL Confiable\",\"isPartOf\":{\"@id\":\"https:\\\/\\\/www.loginam.com\\\/es\\\/#website\"},\"primaryImageOfPage\":{\"@id\":\"https:\\\/\\\/www.loginam.com\\\/es\\\/contact\\\/#primaryimage\"},\"image\":{\"@id\":\"https:\\\/\\\/www.loginam.com\\\/es\\\/contact\\\/#primaryimage\"},\"thumbnailUrl\":\"https:\\\/\\\/www.loginam.com\\\/wp-content\\\/uploads\\\/2025\\\/09\\\/3pl-solutions.webp\",\"datePublished\":\"2025-09-29T10:00:39+00:00\",\"dateModified\":\"2026-04-24T14:25:14+00:00\",\"description\":\"\u00bfTiene preguntas sobre los servicios 3PL de Loginam? P\u00f3ngase en contacto con nuestro equipo y descubra c\u00f3mo podemos impulsar su productividad. \u00a1Cont\u00e1ctenos hoy y hablemos!\",\"breadcrumb\":{\"@id\":\"https:\\\/\\\/www.loginam.com\\\/es\\\/contact\\\/#breadcrumb\"},\"inLanguage\":\"es\",\"potentialAction\":[{\"@type\":\"ReadAction\",\"target\":[\"https:\\\/\\\/www.loginam.com\\\/es\\\/contact\\\/\"]}]},{\"@type\":\"ImageObject\",\"inLanguage\":\"es\",\"@id\":\"https:\\\/\\\/www.loginam.com\\\/es\\\/contact\\\/#primaryimage\",\"url\":\"https:\\\/\\\/www.loginam.com\\\/wp-content\\\/uploads\\\/2025\\\/09\\\/3pl-solutions.webp\",\"contentUrl\":\"https:\\\/\\\/www.loginam.com\\\/wp-content\\\/uploads\\\/2025\\\/09\\\/3pl-solutions.webp\",\"width\":1440,\"height\":810,\"caption\":\"3PL Logistics Services &amp; Solutions | Loginam\"},{\"@type\":\"BreadcrumbList\",\"@id\":\"https:\\\/\\\/www.loginam.com\\\/es\\\/contact\\\/#breadcrumb\",\"itemListElement\":[{\"@type\":\"ListItem\",\"position\":1,\"name\":\"Home\",\"item\":\"https:\\\/\\\/www.loginam.com\\\/es\\\/\"},{\"@type\":\"ListItem\",\"position\":2,\"name\":\"Contacto\"}]},{\"@type\":\"WebSite\",\"@id\":\"https:\\\/\\\/www.loginam.com\\\/es\\\/#website\",\"url\":\"https:\\\/\\\/www.loginam.com\\\/es\\\/\",\"name\":\"Loginam\",\"description\":\"Integral Logistics\",\"potentialAction\":[{\"@type\":\"SearchAction\",\"target\":{\"@type\":\"EntryPoint\",\"urlTemplate\":\"https:\\\/\\\/www.loginam.com\\\/es\\\/?s={search_term_string}\"},\"query-input\":{\"@type\":\"PropertyValueSpecification\",\"valueRequired\":true,\"valueName\":\"search_term_string\"}}],\"inLanguage\":\"es\"}]}<\/script>\n<!-- \/ Yoast SEO plugin. -->","yoast_head_json":{"title":"Contacto Loginam | Proveedor 3PL Confiable","description":"\u00bfTiene preguntas sobre los servicios 3PL de Loginam? P\u00f3ngase en contacto con nuestro equipo y descubra c\u00f3mo podemos impulsar su productividad. \u00a1Cont\u00e1ctenos hoy y hablemos!","robots":{"index":"index","follow":"follow","max-snippet":"max-snippet:-1","max-image-preview":"max-image-preview:large","max-video-preview":"max-video-preview:-1"},"canonical":"https:\/\/www.loginam.com\/es\/contact\/","og_locale":"es_ES","og_type":"article","og_title":"Contacto Loginam | Proveedor 3PL Confiable","og_description":"\u00bfTiene preguntas sobre los servicios 3PL de Loginam? P\u00f3ngase en contacto con nuestro equipo y descubra c\u00f3mo podemos impulsar su productividad. \u00a1Cont\u00e1ctenos hoy y hablemos!","og_url":"https:\/\/www.loginam.com\/es\/contact\/","og_site_name":"Loginam","article_modified_time":"2026-04-24T14:25:14+00:00","og_image":[{"width":1440,"height":810,"url":"https:\/\/www.loginam.com\/wp-content\/uploads\/2025\/09\/3pl-solutions.webp","type":"image\/webp"}],"twitter_card":"summary_large_image","twitter_misc":{"Tiempo de lectura":"1 minuto"},"schema":{"@context":"https:\/\/schema.org","@graph":[{"@type":"WebPage","@id":"https:\/\/www.loginam.com\/es\/contact\/","url":"https:\/\/www.loginam.com\/es\/contact\/","name":"Contacto Loginam | Proveedor 3PL Confiable","isPartOf":{"@id":"https:\/\/www.loginam.com\/es\/#website"},"primaryImageOfPage":{"@id":"https:\/\/www.loginam.com\/es\/contact\/#primaryimage"},"image":{"@id":"https:\/\/www.loginam.com\/es\/contact\/#primaryimage"},"thumbnailUrl":"https:\/\/www.loginam.com\/wp-content\/uploads\/2025\/09\/3pl-solutions.webp","datePublished":"2025-09-29T10:00:39+00:00","dateModified":"2026-04-24T14:25:14+00:00","description":"\u00bfTiene preguntas sobre los servicios 3PL de Loginam? P\u00f3ngase en contacto con nuestro equipo y descubra c\u00f3mo podemos impulsar su productividad. \u00a1Cont\u00e1ctenos hoy y hablemos!","breadcrumb":{"@id":"https:\/\/www.loginam.com\/es\/contact\/#breadcrumb"},"inLanguage":"es","potentialAction":[{"@type":"ReadAction","target":["https:\/\/www.loginam.com\/es\/contact\/"]}]},{"@type":"ImageObject","inLanguage":"es","@id":"https:\/\/www.loginam.com\/es\/contact\/#primaryimage","url":"https:\/\/www.loginam.com\/wp-content\/uploads\/2025\/09\/3pl-solutions.webp","contentUrl":"https:\/\/www.loginam.com\/wp-content\/uploads\/2025\/09\/3pl-solutions.webp","width":1440,"height":810,"caption":"3PL Logistics Services &amp; Solutions | Loginam"},{"@type":"BreadcrumbList","@id":"https:\/\/www.loginam.com\/es\/contact\/#breadcrumb","itemListElement":[{"@type":"ListItem","position":1,"name":"Home","item":"https:\/\/www.loginam.com\/es\/"},{"@type":"ListItem","position":2,"name":"Contacto"}]},{"@type":"WebSite","@id":"https:\/\/www.loginam.com\/es\/#website","url":"https:\/\/www.loginam.com\/es\/","name":"Loginam","description":"Integral Logistics","potentialAction":[{"@type":"SearchAction","target":{"@type":"EntryPoint","urlTemplate":"https:\/\/www.loginam.com\/es\/?s={search_term_string}"},"query-input":{"@type":"PropertyValueSpecification","valueRequired":true,"valueName":"search_term_string"}}],"inLanguage":"es"}]}},"_links":{"self":[{"href":"https:\/\/www.loginam.com\/es\/wp-json\/wp\/v2\/pages\/219","targetHints":{"allow":["GET"]}}],"collection":[{"href":"https:\/\/www.loginam.com\/es\/wp-json\/wp\/v2\/pages"}],"about":[{"href":"https:\/\/www.loginam.com\/es\/wp-json\/wp\/v2\/types\/page"}],"author":[{"embeddable":true,"href":"https:\/\/www.loginam.com\/es\/wp-json\/wp\/v2\/users\/2"}],"replies":[{"embeddable":true,"href":"https:\/\/www.loginam.com\/es\/wp-json\/wp\/v2\/comments?post=219"}],"version-history":[{"count":24,"href":"https:\/\/www.loginam.com\/es\/wp-json\/wp\/v2\/pages\/219\/revisions"}],"predecessor-version":[{"id":1936,"href":"https:\/\/www.loginam.com\/es\/wp-json\/wp\/v2\/pages\/219\/revisions\/1936"}],"wp:featuredmedia":[{"embeddable":true,"href":"https:\/\/www.loginam.com\/es\/wp-json\/wp\/v2\/media\/220"}],"wp:attachment":[{"href":"https:\/\/www.loginam.com\/es\/wp-json\/wp\/v2\/media?parent=219"}],"curies":[{"name":"wp","href":"https:\/\/api.w.org\/{rel}","templated":true}]}}