{"id":1897,"date":"2026-04-20T10:00:52","date_gmt":"2026-04-20T10:00:52","guid":{"rendered":"https:\/\/www.loginam.com\/careers\/"},"modified":"2026-04-20T21:01:42","modified_gmt":"2026-04-20T21:01:42","slug":"careers","status":"publish","type":"page","link":"https:\/\/www.loginam.com\/es\/careers\/","title":{"rendered":"Trabaja Con Nosotros"},"content":{"rendered":"<section class=\"l-section wpb_row height_large color_primary with_img\"><div class=\"l-section-img\" role=\"img\" aria-label=\"Trabaja Con Nosotros\" data-img-width=\"1672\" data-img-height=\"941\" style=\"background-image: url(https:\/\/www.loginam.com\/wp-content\/uploads\/2026\/04\/Careers-At-Loginam.png);\"><\/div><div class=\"l-section-overlay\" style=\"background:rgba(39,39,39,0.85)\"><\/div><div class=\"l-section-h i-cf\"><div class=\"g-cols vc_row via_grid cols_1 laptops-cols_inherit tablets-cols_inherit mobiles-cols_1 valign_top type_default stacking_default\"><div class=\"wpb_column vc_column_container\"><div class=\"vc_column-inner\"><div class=\"wpb_text_column us_custom_60e9caca us_animate_this\"><div class=\"wpb_wrapper\"><h1 style=\"text-align: center;\">\u00danete a Nuestro Equipo<\/h1>\n<\/div><\/div><\/div><\/div><\/div><\/div><\/section><section class=\"l-section wpb_row height_large\"><div class=\"l-section-h i-cf\"><div class=\"g-cols vc_row via_grid cols_2 laptops-cols_inherit tablets-cols_inherit mobiles-cols_1 valign_top type_default reversed stacking_default\"><div class=\"wpb_column vc_column_container\"><div class=\"vc_column-inner\"><div class=\"wpb_text_column us_custom_60e9caca us_animate_this\"><div class=\"wpb_wrapper\"><h2>Trabaja Con Nosotros<\/h2>\n<p>Si te interesa impulsar tu carrera en almacenamiento, fulfillment, log\u00edstica transfronteriza, kitting u operaciones de valor agregado, nos encantar\u00eda conocerte.<\/p>\n<\/div><\/div><div class=\"w-separator size_small\"><\/div><form class=\"w-form  us-field-style_2 us_custom_60e9caca us_animate_this layout_ver show_message_after_sending for_cform us_form_1\" action=\"https:\/\/www.loginam.com\/es\/wp-json\/wp\/v2\/pages\/1897\" method=\"post\"><div class=\"w-form-h\"><div class=\"w-form-row for_text required with_icon\">\r\n\t\t<div class=\"w-form-row-field\">\r\n\t\t\t\t<i class=\"fal fa-user\"><\/i>\t\t<input aria-label=\"Nombre\" type=\"text\" name=\"us_form_1_text_1\" value placeholder=\"Nombre *\" data-required=\"true\" aria-required=\"true\"\/>\r\n\t\t\t<\/div>\r\n\t\t<div class=\"w-form-row-state\">Rellena este campo<\/div>\r\n<\/div>\r\n<div class=\"w-form-row for_text required with_icon\">\r\n\t\t<div class=\"w-form-row-field\">\r\n\t\t\t\t<i class=\"fal fa-envelope\"><\/i>\t\t<input aria-label=\"Correo\" type=\"text\" name=\"us_form_1_text_2\" value placeholder=\"Correo *\" data-required=\"true\" aria-required=\"true\"\/>\r\n\t\t\t<\/div>\r\n\t\t<div class=\"w-form-row-state\">Rellena este campo<\/div>\r\n<\/div>\r\n<div class=\"w-form-row for_text with_icon\">\r\n\t\t<div class=\"w-form-row-field\">\r\n\t\t\t\t<i class=\"fal fa-phone\"><\/i>\t\t<input aria-label=\"Tel\u00e9fono\" inputmode=\"tel\" type=\"text\" name=\"us_form_1_text_3\" value placeholder=\"Tel\u00e9fono\"\/>\r\n\t\t\t<\/div>\r\n\t\t<div class=\"w-form-row-state\">Rellena este campo<\/div>\r\n<\/div>\r\n<div class=\"w-form-row for_textarea with_icon\">\r\n\t\t<div class=\"w-form-row-field\">\r\n\t\t\t\t<i class=\"fal fa-pencil\"><\/i>\t\t<textarea aria-label=\"Mensaje\" name=\"us_form_1_textarea_1\" placeholder=\"Mensaje\"><\/textarea>\r\n\t\t\t<\/div>\r\n\t\t<div class=\"w-form-row-state\">Rellena este campo<\/div>\r\n<\/div>\r\n<input type=\"hidden\" name=\"action\" value=\"us_ajax_cform\" \/>\r\n<input type=\"hidden\" name=\"post_id\" value=\"0\" \/>\r\n<input type=\"hidden\" name=\"form_index\" value=\"1\" \/>\r\n<div class=\"w-form-row for_submit align_none\"><button class=\"w-btn us-btn-style_1\" type=\"submit\" aria-label=\"Enviar Mensaje\"><span class=\"g-preloader type_1\"><\/span><span class=\"w-btn-label\">Enviar Mensaje<\/span><\/button><\/div><\/div><div class=\"w-form-message\"><\/div><div class=\"w-form-json hidden\" onclick='return {&quot;ajaxurl&quot;:&quot;https:\\\/\\\/www.loginam.com\\\/wp-admin\\\/admin-ajax.php&quot;,&quot;messages&quot;:{&quot;err_empty&quot;:&quot;Rellena este campo&quot;,&quot;err_size&quot;:&quot;El tama\\u00f1o del archivo no puede exceder %s MB&quot;,&quot;err_extension&quot;:&quot;El tipo de archivo %s no est\\u00e1 permitido&quot;,&quot;err_recaptcha_keys&quot;:&quot;Las claves de reCAPTCHA son incorrectas&quot;}}'><\/div><\/form><\/div><\/div><div class=\"wpb_column vc_column_container\"><div class=\"vc_column-inner\"><div class=\"wpb_text_column us_custom_60e9caca us_animate_this\"><div class=\"wpb_wrapper\"><h2>Informaci\u00f3n de Contacto<\/h2>\n<\/div><\/div><div class=\"w-separator size_small\"><\/div><div class=\"w-iconbox us_custom_60e9caca us_animate_this iconpos_left style_default color_primary align_left no_text\"><a href=\"mailto:sales@loginam.com\" class=\"w-iconbox-link\" aria-label=\"sales@loginam.com\"><div class=\"w-iconbox-icon\" style=\"font-size:20px;\"><i class=\"fal fa-envelope\"><\/i><\/div><\/a><div class=\"w-iconbox-meta\"><div class=\"w-iconbox-title\"><a href=\"mailto:sales@loginam.com\" class=\"w-iconbox-link\" aria-label=\"sales@loginam.com\">sales@loginam.com<\/a><\/div><\/div><\/div><div class=\"w-separator size_small\"><\/div><div class=\"w-iconbox us_custom_60e9caca us_animate_this iconpos_left style_default color_primary align_left no_text\"><a href=\"tel:+526641238838\" class=\"w-iconbox-link\" aria-label=\"+52 664 123 8838\"><div class=\"w-iconbox-icon\" style=\"font-size:20px;\"><i class=\"fal fa-phone\"><\/i><\/div><\/a><div class=\"w-iconbox-meta\"><div class=\"w-iconbox-title\"><a href=\"tel:+526641238838\" class=\"w-iconbox-link\" aria-label=\"+52 664 123 8838\">+52 664 123 8838<\/a><\/div><\/div><\/div><div class=\"w-separator size_small\"><\/div><div class=\"w-iconbox us_custom_60e9caca us_animate_this iconpos_left style_default color_primary align_left no_text\"><div class=\"w-iconbox-icon\" style=\"font-size:20px;\"><i class=\"fal fa-map-marker-alt\"><\/i><\/div><div class=\"w-iconbox-meta\"><div class=\"w-iconbox-title\">Calle Laguna de San Ignacio 4930, Lago Sur, 22217 Tijuana, B.C., M\u00e9xico<\/div><\/div><\/div><div class=\"w-separator size_small\"><\/div><div class=\"w-map provider_google us_custom_60e9caca us_animate_this\" id=\"us_map_1\"><div class=\"w-map-inner\"><div class=\"w-map-json\" onclick='return {&quot;address&quot;:&quot;32.5015716,-116.9303334&quot;,&quot;disableDragging&quot;:0,&quot;disableZoom&quot;:0,&quot;hideControls&quot;:0,&quot;zoom&quot;:14,&quot;markers&quot;:[{&quot;address&quot;:&quot;32.5015716,-116.9303334&quot;,&quot;html&quot;:&quot;&quot;,&quot;infowindow&quot;:0}],&quot;maptype&quot;:&quot;ROADMAP&quot;}'><\/div><\/div><\/div><\/div><\/div><\/div><\/div><\/section>\n","protected":false},"excerpt":{"rendered":"\u00danete a Nuestro Equipo Trabaja Con Nosotros Si te interesa impulsar tu carrera en almacenamiento, fulfillment, log\u00edstica transfronteriza, kitting u operaciones de valor agregado, nos encantar\u00eda conocerte. Rellena este campo Rellena este campo Rellena este campo Rellena este campo Enviar MensajeInformaci\u00f3n de Contacto sales@loginam.com+52 664 123 8838Calle Laguna de San Ignacio 4930, Lago Sur, 22217...","protected":false},"author":2,"featured_media":1896,"parent":0,"menu_order":0,"comment_status":"closed","ping_status":"closed","template":"","meta":{"footnotes":""},"class_list":["post-1897","page","type-page","status-publish","has-post-thumbnail","hentry"],"yoast_head":"<!-- This site is optimized with the Yoast SEO plugin v27.4 - https:\/\/yoast.com\/product\/yoast-seo-wordpress\/ -->\n<title>Trabaja En Loginam | Empleos En Log\u00edstica Y Fulfillment<\/title>\n<meta name=\"description\" content=\"Impulsa tu carrera en Loginam, en Tijuana, en \u00e1reas como almacenamiento, fulfillment, log\u00edstica transfronteriza, kitting y operaciones de valor agregado. \u00a1Aplica hoy!\" \/>\n<meta name=\"robots\" content=\"index, follow, max-snippet:-1, max-image-preview:large, max-video-preview:-1\" \/>\n<link rel=\"canonical\" href=\"https:\/\/www.loginam.com\/es\/careers\/\" \/>\n<meta property=\"og:locale\" content=\"es_ES\" \/>\n<meta property=\"og:type\" content=\"article\" \/>\n<meta property=\"og:title\" content=\"Trabaja En Loginam | Empleos En Log\u00edstica Y Fulfillment\" \/>\n<meta property=\"og:description\" content=\"Impulsa tu carrera en Loginam, en Tijuana, en \u00e1reas como almacenamiento, fulfillment, log\u00edstica transfronteriza, kitting y operaciones de valor agregado. \u00a1Aplica hoy!\" \/>\n<meta property=\"og:url\" content=\"https:\/\/www.loginam.com\/es\/careers\/\" \/>\n<meta property=\"og:site_name\" content=\"Loginam\" \/>\n<meta property=\"article:modified_time\" content=\"2026-04-20T21:01:42+00:00\" \/>\n<meta property=\"og:image\" content=\"https:\/\/www.loginam.com\/wp-content\/uploads\/2026\/04\/Careers-At-Loginam.png\" \/>\n\t<meta property=\"og:image:width\" content=\"1672\" \/>\n\t<meta property=\"og:image:height\" content=\"941\" \/>\n\t<meta property=\"og:image:type\" content=\"image\/png\" \/>\n<meta name=\"twitter:card\" content=\"summary_large_image\" \/>\n<meta name=\"twitter:label1\" content=\"Tiempo de lectura\" \/>\n\t<meta name=\"twitter:data1\" content=\"3 minutos\" \/>\n<script type=\"application\/ld+json\" class=\"yoast-schema-graph\">{\"@context\":\"https:\\\/\\\/schema.org\",\"@graph\":[{\"@type\":\"WebPage\",\"@id\":\"https:\\\/\\\/www.loginam.com\\\/es\\\/careers\\\/\",\"url\":\"https:\\\/\\\/www.loginam.com\\\/es\\\/careers\\\/\",\"name\":\"Trabaja En Loginam | Empleos En Log\u00edstica Y Fulfillment\",\"isPartOf\":{\"@id\":\"https:\\\/\\\/www.loginam.com\\\/es\\\/#website\"},\"primaryImageOfPage\":{\"@id\":\"https:\\\/\\\/www.loginam.com\\\/es\\\/careers\\\/#primaryimage\"},\"image\":{\"@id\":\"https:\\\/\\\/www.loginam.com\\\/es\\\/careers\\\/#primaryimage\"},\"thumbnailUrl\":\"https:\\\/\\\/www.loginam.com\\\/wp-content\\\/uploads\\\/2026\\\/04\\\/Careers-At-Loginam.png\",\"datePublished\":\"2026-04-20T10:00:52+00:00\",\"dateModified\":\"2026-04-20T21:01:42+00:00\",\"description\":\"Impulsa tu carrera en Loginam, en Tijuana, en \u00e1reas como almacenamiento, fulfillment, log\u00edstica transfronteriza, kitting y operaciones de valor agregado. \u00a1Aplica hoy!\",\"breadcrumb\":{\"@id\":\"https:\\\/\\\/www.loginam.com\\\/es\\\/careers\\\/#breadcrumb\"},\"inLanguage\":\"es\",\"potentialAction\":[{\"@type\":\"ReadAction\",\"target\":[\"https:\\\/\\\/www.loginam.com\\\/es\\\/careers\\\/\"]}]},{\"@type\":\"ImageObject\",\"inLanguage\":\"es\",\"@id\":\"https:\\\/\\\/www.loginam.com\\\/es\\\/careers\\\/#primaryimage\",\"url\":\"https:\\\/\\\/www.loginam.com\\\/wp-content\\\/uploads\\\/2026\\\/04\\\/Careers-At-Loginam.png\",\"contentUrl\":\"https:\\\/\\\/www.loginam.com\\\/wp-content\\\/uploads\\\/2026\\\/04\\\/Careers-At-Loginam.png\",\"width\":1672,\"height\":941,\"caption\":\"Trabaja Con Nosotros\"},{\"@type\":\"BreadcrumbList\",\"@id\":\"https:\\\/\\\/www.loginam.com\\\/es\\\/careers\\\/#breadcrumb\",\"itemListElement\":[{\"@type\":\"ListItem\",\"position\":1,\"name\":\"Home\",\"item\":\"https:\\\/\\\/www.loginam.com\\\/es\\\/\"},{\"@type\":\"ListItem\",\"position\":2,\"name\":\"Trabaja Con Nosotros\"}]},{\"@type\":\"WebSite\",\"@id\":\"https:\\\/\\\/www.loginam.com\\\/es\\\/#website\",\"url\":\"https:\\\/\\\/www.loginam.com\\\/es\\\/\",\"name\":\"Loginam\",\"description\":\"Integral Logistics\",\"potentialAction\":[{\"@type\":\"SearchAction\",\"target\":{\"@type\":\"EntryPoint\",\"urlTemplate\":\"https:\\\/\\\/www.loginam.com\\\/es\\\/?s={search_term_string}\"},\"query-input\":{\"@type\":\"PropertyValueSpecification\",\"valueRequired\":true,\"valueName\":\"search_term_string\"}}],\"inLanguage\":\"es\"}]}<\/script>\n<!-- \/ Yoast SEO plugin. -->","yoast_head_json":{"title":"Trabaja En Loginam | Empleos En Log\u00edstica Y Fulfillment","description":"Impulsa tu carrera en Loginam, en Tijuana, en \u00e1reas como almacenamiento, fulfillment, log\u00edstica transfronteriza, kitting y operaciones de valor agregado. \u00a1Aplica hoy!","robots":{"index":"index","follow":"follow","max-snippet":"max-snippet:-1","max-image-preview":"max-image-preview:large","max-video-preview":"max-video-preview:-1"},"canonical":"https:\/\/www.loginam.com\/es\/careers\/","og_locale":"es_ES","og_type":"article","og_title":"Trabaja En Loginam | Empleos En Log\u00edstica Y Fulfillment","og_description":"Impulsa tu carrera en Loginam, en Tijuana, en \u00e1reas como almacenamiento, fulfillment, log\u00edstica transfronteriza, kitting y operaciones de valor agregado. \u00a1Aplica hoy!","og_url":"https:\/\/www.loginam.com\/es\/careers\/","og_site_name":"Loginam","article_modified_time":"2026-04-20T21:01:42+00:00","og_image":[{"width":1672,"height":941,"url":"https:\/\/www.loginam.com\/wp-content\/uploads\/2026\/04\/Careers-At-Loginam.png","type":"image\/png"}],"twitter_card":"summary_large_image","twitter_misc":{"Tiempo de lectura":"3 minutos"},"schema":{"@context":"https:\/\/schema.org","@graph":[{"@type":"WebPage","@id":"https:\/\/www.loginam.com\/es\/careers\/","url":"https:\/\/www.loginam.com\/es\/careers\/","name":"Trabaja En Loginam | Empleos En Log\u00edstica Y Fulfillment","isPartOf":{"@id":"https:\/\/www.loginam.com\/es\/#website"},"primaryImageOfPage":{"@id":"https:\/\/www.loginam.com\/es\/careers\/#primaryimage"},"image":{"@id":"https:\/\/www.loginam.com\/es\/careers\/#primaryimage"},"thumbnailUrl":"https:\/\/www.loginam.com\/wp-content\/uploads\/2026\/04\/Careers-At-Loginam.png","datePublished":"2026-04-20T10:00:52+00:00","dateModified":"2026-04-20T21:01:42+00:00","description":"Impulsa tu carrera en Loginam, en Tijuana, en \u00e1reas como almacenamiento, fulfillment, log\u00edstica transfronteriza, kitting y operaciones de valor agregado. \u00a1Aplica hoy!","breadcrumb":{"@id":"https:\/\/www.loginam.com\/es\/careers\/#breadcrumb"},"inLanguage":"es","potentialAction":[{"@type":"ReadAction","target":["https:\/\/www.loginam.com\/es\/careers\/"]}]},{"@type":"ImageObject","inLanguage":"es","@id":"https:\/\/www.loginam.com\/es\/careers\/#primaryimage","url":"https:\/\/www.loginam.com\/wp-content\/uploads\/2026\/04\/Careers-At-Loginam.png","contentUrl":"https:\/\/www.loginam.com\/wp-content\/uploads\/2026\/04\/Careers-At-Loginam.png","width":1672,"height":941,"caption":"Trabaja Con Nosotros"},{"@type":"BreadcrumbList","@id":"https:\/\/www.loginam.com\/es\/careers\/#breadcrumb","itemListElement":[{"@type":"ListItem","position":1,"name":"Home","item":"https:\/\/www.loginam.com\/es\/"},{"@type":"ListItem","position":2,"name":"Trabaja Con Nosotros"}]},{"@type":"WebSite","@id":"https:\/\/www.loginam.com\/es\/#website","url":"https:\/\/www.loginam.com\/es\/","name":"Loginam","description":"Integral Logistics","potentialAction":[{"@type":"SearchAction","target":{"@type":"EntryPoint","urlTemplate":"https:\/\/www.loginam.com\/es\/?s={search_term_string}"},"query-input":{"@type":"PropertyValueSpecification","valueRequired":true,"valueName":"search_term_string"}}],"inLanguage":"es"}]}},"_links":{"self":[{"href":"https:\/\/www.loginam.com\/es\/wp-json\/wp\/v2\/pages\/1897","targetHints":{"allow":["GET"]}}],"collection":[{"href":"https:\/\/www.loginam.com\/es\/wp-json\/wp\/v2\/pages"}],"about":[{"href":"https:\/\/www.loginam.com\/es\/wp-json\/wp\/v2\/types\/page"}],"author":[{"embeddable":true,"href":"https:\/\/www.loginam.com\/es\/wp-json\/wp\/v2\/users\/2"}],"replies":[{"embeddable":true,"href":"https:\/\/www.loginam.com\/es\/wp-json\/wp\/v2\/comments?post=1897"}],"version-history":[{"count":2,"href":"https:\/\/www.loginam.com\/es\/wp-json\/wp\/v2\/pages\/1897\/revisions"}],"predecessor-version":[{"id":1899,"href":"https:\/\/www.loginam.com\/es\/wp-json\/wp\/v2\/pages\/1897\/revisions\/1899"}],"wp:featuredmedia":[{"embeddable":true,"href":"https:\/\/www.loginam.com\/es\/wp-json\/wp\/v2\/media\/1896"}],"wp:attachment":[{"href":"https:\/\/www.loginam.com\/es\/wp-json\/wp\/v2\/media?parent=1897"}],"curies":[{"name":"wp","href":"https:\/\/api.w.org\/{rel}","templated":true}]}}